{"id":230,"date":"2021-12-17T10:23:26","date_gmt":"2021-12-17T09:23:26","guid":{"rendered":"http:\/\/bluefoxdes.de\/bbq-set\/?page_id=230"},"modified":"2021-12-17T13:53:00","modified_gmt":"2021-12-17T12:53:00","slug":"grillspray","status":"publish","type":"page","link":"https:\/\/www.bluefoxdes.de\/bbq-set\/grillspray\/","title":{"rendered":"Grillspray"},"content":{"rendered":"<p>[et_pb_section fb_built=&#8220;1&#8243; _builder_version=&#8220;4.9.1&#8243; _module_preset=&#8220;default&#8220; background_image=&#8220;https:\/\/www.bluefoxdes.de\/bbq-set\/wp-content\/uploads\/2021\/12\/Hintergrund.jpg&#8220;][et_pb_row _builder_version=&#8220;4.9.1&#8243; _module_preset=&#8220;default&#8220;][et_pb_column type=&#8220;4_4&#8243; _builder_version=&#8220;4.9.1&#8243; _module_preset=&#8220;default&#8220;][et_pb_text _builder_version=&#8220;4.9.1&#8243; _module_preset=&#8220;default&#8220; hover_enabled=&#8220;0&#8243; sticky_enabled=&#8220;0&#8243;]<\/p>\n<h1 style=\"text-align: center;\">BBQ-Spray \/ Trennspray<\/h1>\n<h1>\u00a0<\/h1>\n<h2 style=\"text-align: center;\">Anwendung, Zutaten, Hinweise<\/h2>\n<p>&nbsp;<\/p>\n<p>LET\u2018S SPARE THE RIBS!<br \/>Unser BBQ-Trennspray wurde auf rein pflanzlicher Raps\u00f6l-Basis hergestellt und ist ein echtes Multitalent. Die Rezeptur wurde perfekt abgestimmt! Egal ob f\u00fcr den Einsatz am Grillrost, gusseiserne Pfanne oder Ofenblech. Das Trennspray bietet ebenfalls bei regelm\u00e4\u00dfiger Anwendung Schutz vor Korrosion.<\/p>\n<p>&nbsp;<\/p>\n<h2>Zutaten<\/h2>\n<p>Pflanzliche \u00d6le, pflanzliches Fett, Ethanol. Treibgas: Kohlendioxid Trennmittel: Soja-Lezithin<\/p>\n<p>&nbsp;<\/p>\n<h2>Anwendung<\/h2>\n<p><strong>ACHTUNG:<\/strong> Nicht in die Glut eines betriebsbereiten Grills spr\u00fchen. Grillrost erst einspr\u00fchen und dann \u00fcber die Glut legen. Direktes Einspr\u00fchen der Roste auf dem brennenden Grill birgt ein hohes Entz\u00fcndungsrisiko. Grillgut nicht bespr\u00fchen!<\/p>\n<p>Vor Gebrauch ca. 20 Sekunden kr\u00e4ftig sch\u00fctteln! Aus ca. 30 cm Entfernung d\u00fcnn und gleichm\u00e4\u00dfig aufspr\u00fchen. Auch zwischendurch wiederholt sch\u00fctteln. Dose beim Spr\u00fchen nicht \u00fcber 45\u00b0 neigen, da sonst das Druckpolster entweicht und die Dose nicht mehr restentleert werden kann.<\/p>\n<p>Beste Spr\u00fcheigenschaften bei 20 bis 25\u00b0C. Kalte Dosen vorher erw\u00e4rmen lassen. Das Einspr\u00fchen der Grillroste vor Auflegen des Grillgutes vermindert die Anhaftung. Durch Ausschluss von Licht und Luftsauerstoff lange Haltbarkeit.<\/p>\n<p>Eine Aufbewahrung im K\u00fchlschrank ist nicht notwendig.<\/p>\n<p>[\/et_pb_text][et_pb_text _builder_version=&#8220;4.9.1&#8243; _module_preset=&#8220;default&#8220;]<\/p>\n<h2>Hinweis<\/h2>\n<p>Beh\u00e4lter steht unter Druck. Vor Sonnenbestrahlung und Temperaturen \u00fcber 50\u00b0C sch\u00fctzen. Auch nach Gebrauch nicht gewaltsam \u00f6ffnen oder verbrennen. Nicht gegen Flamme oder auf gl\u00fchenden Gegenstand spr\u00fchen.<br \/>Von Z\u00fcndquellen fernhalten &#8211; Nicht rauchen. Darf nicht in die H\u00e4nde von Kindern gelangen. Enth\u00e4lt 10 Massenprozent entz\u00fcndliche<br \/>Bestandteile. Aerosol nicht einatmen.<\/p>\n<p>Nur in gut gel\u00fcfteten Bereichen verwenden. Restentleerte Dose kann \u00fcber die Wertstoffsammlung entsorgt werden.<\/p>\n<p>&nbsp;<\/p>\n<h2>Zusammensetzung<\/h2>\n<p>Raps\u00f6l, Alkohol, Kohlendioxid als Treibgas<\/p>\n<p>Inhalt<br \/>200 ml<\/p>\n<p>Herstellung &amp; Vertrieb<br \/>BIOLOGIC GmbH &amp; Co. KG<br \/>Gildenstra\u00dfe 18<br \/>48157 M\u00fcnster &#8211; Deutschland<br \/>www.biologic.de<\/p>\n<p>[\/et_pb_text][\/et_pb_column][\/et_pb_row][\/et_pb_section]<\/p>\n","protected":false},"excerpt":{"rendered":"<p>[et_pb_section fb_built=&#8220;1&#8243; _builder_version=&#8220;4.9.1&#8243; _module_preset=&#8220;default&#8220; background_image=&#8220;https:\/\/www.bluefoxdes.de\/bbq-set\/wp-content\/uploads\/2021\/12\/Hintergrund.jpg&#8220;][et_pb_row _builder_version=&#8220;4.9.1&#8243; _module_preset=&#8220;default&#8220;][et_pb_column type=&#8220;4_4&#8243; _builder_version=&#8220;4.9.1&#8243; _module_preset=&#8220;default&#8220;][et_pb_text _builder_version=&#8220;4.9.1&#8243; _module_preset=&#8220;default&#8220; hover_enabled=&#8220;0&#8243; sticky_enabled=&#8220;0&#8243;] BBQ-Spray \/ Trennspray \u00a0 Anwendung, Zutaten, Hinweise &nbsp; LET\u2018S SPARE THE RIBS!Unser BBQ-Trennspray wurde auf rein pflanzlicher Raps\u00f6l-Basis hergestellt und ist ein echtes Multitalent. Die Rezeptur wurde perfekt abgestimmt! Egal ob f\u00fcr den Einsatz am Grillrost, gusseiserne Pfanne oder Ofenblech. Das [&hellip;]<\/p>\n","protected":false},"author":1,"featured_media":293,"parent":0,"menu_order":0,"comment_status":"closed","ping_status":"closed","template":"","meta":{"_et_pb_use_builder":"on","_et_pb_old_content":"","_et_gb_content_width":"","footnotes":""},"class_list":["post-230","page","type-page","status-publish","has-post-thumbnail","hentry"],"yoast_head":"<!-- This site is optimized with the Yoast SEO plugin v24.2 - https:\/\/yoast.com\/wordpress\/plugins\/seo\/ -->\n<title>Grillspray | BBQ_Spray | Trennspray - f\u00fcr perfekte Grill-Ergebnisse<\/title>\n<meta name=\"description\" content=\"Unser BBQ-Trennspray wurde auf rein pflanzlicher Raps\u00f6l-Basis hergestellt und ist ein echtes Multitalent. Die Rezeptur wurde perfekt abgestimmt!\" \/>\n<meta name=\"robots\" content=\"index, follow, max-snippet:-1, max-image-preview:large, max-video-preview:-1\" \/>\n<link rel=\"canonical\" href=\"https:\/\/www.bluefoxdes.de\/bbq-set\/grillspray\/\" \/>\n<meta property=\"og:locale\" content=\"de_DE\" \/>\n<meta property=\"og:type\" content=\"article\" \/>\n<meta property=\"og:title\" content=\"Grillspray | BBQ_Spray | Trennspray - f\u00fcr perfekte Grill-Ergebnisse\" \/>\n<meta property=\"og:description\" content=\"Unser BBQ-Trennspray wurde auf rein pflanzlicher Raps\u00f6l-Basis hergestellt und ist ein echtes Multitalent. Die Rezeptur wurde perfekt abgestimmt!\" \/>\n<meta property=\"og:url\" content=\"https:\/\/www.bluefoxdes.de\/bbq-set\/grillspray\/\" \/>\n<meta property=\"og:site_name\" content=\"BBQ Grillset\" \/>\n<meta property=\"article:modified_time\" content=\"2021-12-17T12:53:00+00:00\" \/>\n<meta property=\"og:image\" content=\"https:\/\/www.bluefoxdes.de\/bbq-set\/wp-content\/uploads\/2021\/12\/BBQ-Spray.png\" \/>\n\t<meta property=\"og:image:width\" content=\"633\" \/>\n\t<meta property=\"og:image:height\" content=\"635\" \/>\n\t<meta property=\"og:image:type\" content=\"image\/png\" \/>\n<meta name=\"twitter:card\" content=\"summary_large_image\" \/>\n<meta name=\"twitter:label1\" content=\"Gesch\u00e4tzte Lesezeit\" \/>\n\t<meta name=\"twitter:data1\" content=\"2\u00a0Minuten\" \/>\n<script type=\"application\/ld+json\" class=\"yoast-schema-graph\">{\"@context\":\"https:\/\/schema.org\",\"@graph\":[{\"@type\":\"WebPage\",\"@id\":\"https:\/\/www.bluefoxdes.de\/bbq-set\/grillspray\/\",\"url\":\"https:\/\/www.bluefoxdes.de\/bbq-set\/grillspray\/\",\"name\":\"Grillspray | BBQ_Spray | Trennspray - f\u00fcr perfekte Grill-Ergebnisse\",\"isPartOf\":{\"@id\":\"https:\/\/www.bluefoxdes.de\/bbq-set\/#website\"},\"primaryImageOfPage\":{\"@id\":\"https:\/\/www.bluefoxdes.de\/bbq-set\/grillspray\/#primaryimage\"},\"image\":{\"@id\":\"https:\/\/www.bluefoxdes.de\/bbq-set\/grillspray\/#primaryimage\"},\"thumbnailUrl\":\"https:\/\/www.bluefoxdes.de\/bbq-set\/wp-content\/uploads\/2021\/12\/BBQ-Spray.png\",\"datePublished\":\"2021-12-17T09:23:26+00:00\",\"dateModified\":\"2021-12-17T12:53:00+00:00\",\"description\":\"Unser BBQ-Trennspray wurde auf rein pflanzlicher Raps\u00f6l-Basis hergestellt und ist ein echtes Multitalent. Die Rezeptur wurde perfekt abgestimmt!\",\"breadcrumb\":{\"@id\":\"https:\/\/www.bluefoxdes.de\/bbq-set\/grillspray\/#breadcrumb\"},\"inLanguage\":\"de\",\"potentialAction\":[{\"@type\":\"ReadAction\",\"target\":[\"https:\/\/www.bluefoxdes.de\/bbq-set\/grillspray\/\"]}]},{\"@type\":\"ImageObject\",\"inLanguage\":\"de\",\"@id\":\"https:\/\/www.bluefoxdes.de\/bbq-set\/grillspray\/#primaryimage\",\"url\":\"https:\/\/www.bluefoxdes.de\/bbq-set\/wp-content\/uploads\/2021\/12\/BBQ-Spray.png\",\"contentUrl\":\"https:\/\/www.bluefoxdes.de\/bbq-set\/wp-content\/uploads\/2021\/12\/BBQ-Spray.png\",\"width\":633,\"height\":635},{\"@type\":\"BreadcrumbList\",\"@id\":\"https:\/\/www.bluefoxdes.de\/bbq-set\/grillspray\/#breadcrumb\",\"itemListElement\":[{\"@type\":\"ListItem\",\"position\":1,\"name\":\"Startseite\",\"item\":\"https:\/\/www.bluefoxdes.de\/bbq-set\/\"},{\"@type\":\"ListItem\",\"position\":2,\"name\":\"Grillspray\"}]},{\"@type\":\"WebSite\",\"@id\":\"https:\/\/www.bluefoxdes.de\/bbq-set\/#website\",\"url\":\"https:\/\/www.bluefoxdes.de\/bbq-set\/\",\"name\":\"BBQ Grillset\",\"description\":\"\",\"potentialAction\":[{\"@type\":\"SearchAction\",\"target\":{\"@type\":\"EntryPoint\",\"urlTemplate\":\"https:\/\/www.bluefoxdes.de\/bbq-set\/?s={search_term_string}\"},\"query-input\":{\"@type\":\"PropertyValueSpecification\",\"valueRequired\":true,\"valueName\":\"search_term_string\"}}],\"inLanguage\":\"de\"}]}<\/script>\n<!-- \/ Yoast SEO plugin. -->","yoast_head_json":{"title":"Grillspray | BBQ_Spray | Trennspray - f\u00fcr perfekte Grill-Ergebnisse","description":"Unser BBQ-Trennspray wurde auf rein pflanzlicher Raps\u00f6l-Basis hergestellt und ist ein echtes Multitalent. Die Rezeptur wurde perfekt abgestimmt!","robots":{"index":"index","follow":"follow","max-snippet":"max-snippet:-1","max-image-preview":"max-image-preview:large","max-video-preview":"max-video-preview:-1"},"canonical":"https:\/\/www.bluefoxdes.de\/bbq-set\/grillspray\/","og_locale":"de_DE","og_type":"article","og_title":"Grillspray | BBQ_Spray | Trennspray - f\u00fcr perfekte Grill-Ergebnisse","og_description":"Unser BBQ-Trennspray wurde auf rein pflanzlicher Raps\u00f6l-Basis hergestellt und ist ein echtes Multitalent. Die Rezeptur wurde perfekt abgestimmt!","og_url":"https:\/\/www.bluefoxdes.de\/bbq-set\/grillspray\/","og_site_name":"BBQ Grillset","article_modified_time":"2021-12-17T12:53:00+00:00","og_image":[{"width":633,"height":635,"url":"https:\/\/www.bluefoxdes.de\/bbq-set\/wp-content\/uploads\/2021\/12\/BBQ-Spray.png","type":"image\/png"}],"twitter_card":"summary_large_image","twitter_misc":{"Gesch\u00e4tzte Lesezeit":"2\u00a0Minuten"},"schema":{"@context":"https:\/\/schema.org","@graph":[{"@type":"WebPage","@id":"https:\/\/www.bluefoxdes.de\/bbq-set\/grillspray\/","url":"https:\/\/www.bluefoxdes.de\/bbq-set\/grillspray\/","name":"Grillspray | BBQ_Spray | Trennspray - f\u00fcr perfekte Grill-Ergebnisse","isPartOf":{"@id":"https:\/\/www.bluefoxdes.de\/bbq-set\/#website"},"primaryImageOfPage":{"@id":"https:\/\/www.bluefoxdes.de\/bbq-set\/grillspray\/#primaryimage"},"image":{"@id":"https:\/\/www.bluefoxdes.de\/bbq-set\/grillspray\/#primaryimage"},"thumbnailUrl":"https:\/\/www.bluefoxdes.de\/bbq-set\/wp-content\/uploads\/2021\/12\/BBQ-Spray.png","datePublished":"2021-12-17T09:23:26+00:00","dateModified":"2021-12-17T12:53:00+00:00","description":"Unser BBQ-Trennspray wurde auf rein pflanzlicher Raps\u00f6l-Basis hergestellt und ist ein echtes Multitalent. Die Rezeptur wurde perfekt abgestimmt!","breadcrumb":{"@id":"https:\/\/www.bluefoxdes.de\/bbq-set\/grillspray\/#breadcrumb"},"inLanguage":"de","potentialAction":[{"@type":"ReadAction","target":["https:\/\/www.bluefoxdes.de\/bbq-set\/grillspray\/"]}]},{"@type":"ImageObject","inLanguage":"de","@id":"https:\/\/www.bluefoxdes.de\/bbq-set\/grillspray\/#primaryimage","url":"https:\/\/www.bluefoxdes.de\/bbq-set\/wp-content\/uploads\/2021\/12\/BBQ-Spray.png","contentUrl":"https:\/\/www.bluefoxdes.de\/bbq-set\/wp-content\/uploads\/2021\/12\/BBQ-Spray.png","width":633,"height":635},{"@type":"BreadcrumbList","@id":"https:\/\/www.bluefoxdes.de\/bbq-set\/grillspray\/#breadcrumb","itemListElement":[{"@type":"ListItem","position":1,"name":"Startseite","item":"https:\/\/www.bluefoxdes.de\/bbq-set\/"},{"@type":"ListItem","position":2,"name":"Grillspray"}]},{"@type":"WebSite","@id":"https:\/\/www.bluefoxdes.de\/bbq-set\/#website","url":"https:\/\/www.bluefoxdes.de\/bbq-set\/","name":"BBQ Grillset","description":"","potentialAction":[{"@type":"SearchAction","target":{"@type":"EntryPoint","urlTemplate":"https:\/\/www.bluefoxdes.de\/bbq-set\/?s={search_term_string}"},"query-input":{"@type":"PropertyValueSpecification","valueRequired":true,"valueName":"search_term_string"}}],"inLanguage":"de"}]}},"_links":{"self":[{"href":"https:\/\/www.bluefoxdes.de\/bbq-set\/wp-json\/wp\/v2\/pages\/230","targetHints":{"allow":["GET"]}}],"collection":[{"href":"https:\/\/www.bluefoxdes.de\/bbq-set\/wp-json\/wp\/v2\/pages"}],"about":[{"href":"https:\/\/www.bluefoxdes.de\/bbq-set\/wp-json\/wp\/v2\/types\/page"}],"author":[{"embeddable":true,"href":"https:\/\/www.bluefoxdes.de\/bbq-set\/wp-json\/wp\/v2\/users\/1"}],"replies":[{"embeddable":true,"href":"https:\/\/www.bluefoxdes.de\/bbq-set\/wp-json\/wp\/v2\/comments?post=230"}],"version-history":[{"count":13,"href":"https:\/\/www.bluefoxdes.de\/bbq-set\/wp-json\/wp\/v2\/pages\/230\/revisions"}],"predecessor-version":[{"id":300,"href":"https:\/\/www.bluefoxdes.de\/bbq-set\/wp-json\/wp\/v2\/pages\/230\/revisions\/300"}],"wp:featuredmedia":[{"embeddable":true,"href":"https:\/\/www.bluefoxdes.de\/bbq-set\/wp-json\/wp\/v2\/media\/293"}],"wp:attachment":[{"href":"https:\/\/www.bluefoxdes.de\/bbq-set\/wp-json\/wp\/v2\/media?parent=230"}],"curies":[{"name":"wp","href":"https:\/\/api.w.org\/{rel}","templated":true}]}}