{"id":256,"date":"2021-12-17T10:41:12","date_gmt":"2021-12-17T09:41:12","guid":{"rendered":"http:\/\/bluefoxdes.de\/bbq-set\/?page_id=256"},"modified":"2021-12-22T15:31:19","modified_gmt":"2021-12-22T14:31:19","slug":"grillreiniger","status":"publish","type":"page","link":"https:\/\/www.bluefoxdes.de\/bbq-set\/grillreiniger\/","title":{"rendered":"Grillreiniger"},"content":{"rendered":"<p>[et_pb_section fb_built=&#8220;1&#8243; _builder_version=&#8220;4.9.1&#8243; _module_preset=&#8220;default&#8220; background_image=&#8220;https:\/\/www.bluefoxdes.de\/bbq-set\/wp-content\/uploads\/2021\/12\/Hintergrund.jpg&#8220;][et_pb_row _builder_version=&#8220;4.9.1&#8243; _module_preset=&#8220;default&#8220;][et_pb_column type=&#8220;4_4&#8243; _builder_version=&#8220;4.9.1&#8243; _module_preset=&#8220;default&#8220;][et_pb_text _builder_version=&#8220;4.9.1&#8243; _module_preset=&#8220;default&#8220; hover_enabled=&#8220;0&#8243; sticky_enabled=&#8220;0&#8243;]<\/p>\n<h1 style=\"text-align: center;\">Grillreiniger<\/h1>\n<p>&nbsp;<\/p>\n<p>LET\u2018S CLEAN IT PERFECTLY!<\/p>\n<p>Der Grillreiniger wurde speziell gegen Fett, Ru\u00df und hartn\u00e4ckige Ablagerungen an Grillrosten, Gusseisenpfannen oder Plancha-Grills aus verschiedenen Materialien wie Edelstahl, Gusseisen und verchromte Roste entwickelt. Der Reiniger auch ist f\u00fcr Back\u00f6fen, Edelstahl-Bleche, emaillierte Backofenbleche, T\u00f6pfe oder Pfannen geeignet.<\/p>\n<p>&nbsp;<\/p>\n<h2>Anwendung<\/h2>\n<p>Vor Gebrauch kr\u00e4ftig sch\u00fctteln. Deckel abnehmen und Verschmutzungen aus ca. 20cm Entfernung ausreichend einspr\u00fchen. Den Grillreiniger 2 Minuten einwirken lassen. Fl\u00e4chen gr\u00fcndlich abwischen. Fertig!<\/p>\n<p>ACHTUNG: Nicht auf Zink, Messing oder Aluminium anwenden.<\/p>\n<p>&nbsp;<\/p>\n<h2>Sicherheitshinweis<\/h2>\n<p>Beh\u00e4lter steht unter Druck. Vor Sonnenbestrahlung und Temperaturen \u00fcber 50\u00b0C sch\u00fctzen. Auch nach Gebrauch nicht gewaltsam \u00f6ffnen oder verbrennen. Nicht gegen Flamme oder auf gl\u00fchenden Gegenstand spr\u00fchen.<\/p>\n<p>Von Z\u00fcndquellen fernhalten \u2013 Nicht rauchen. Darf nicht in die H\u00e4nde von Kindern gelangen. Unter Verschluss aufbewahren. Verursacht schwere Ver\u00e4tzungen der Haut und schwere Augensch\u00e4den. Bei Ber\u00fchrung mit der Haut mit Wasser abwaschen.<\/p>\n<p>Bei Kontakt mit den Augen, einige Minuten lang behutsam mit Wasser sp\u00fclen. Bei Verschlucken sofort Giftinformationszentrum\/Arzt anrufen.<\/p>\n<p>Entsorgung des Inhalts \/ des Beh\u00e4lters gem\u00e4\u00df den \u00f6rtlichen \/ regionalen \/ nationalen \/ internationalen Vorschriften.<\/p>\n<p><img loading=\"lazy\" decoding=\"async\" class=\"wp-image-272 size-medium aligncenter\" src=\"https:\/\/www.bluefoxdes.de\/bbq-set\/wp-content\/uploads\/2021\/12\/gefahrenhinweise-300x150.png\" alt=\"\" width=\"300\" height=\"150\" srcset=\"https:\/\/www.bluefoxdes.de\/bbq-set\/wp-content\/uploads\/2021\/12\/gefahrenhinweise-300x150.png 300w, https:\/\/www.bluefoxdes.de\/bbq-set\/wp-content\/uploads\/2021\/12\/gefahrenhinweise.png 315w\" sizes=\"auto, (max-width: 300px) 100vw, 300px\" \/><\/p>\n<p>&nbsp;<\/p>\n<p>Inhalt<br \/>250 ml<\/p>\n<p>[\/et_pb_text][\/et_pb_column][\/et_pb_row][\/et_pb_section]<\/p>\n","protected":false},"excerpt":{"rendered":"<p>[et_pb_section fb_built=&#8220;1&#8243; _builder_version=&#8220;4.9.1&#8243; _module_preset=&#8220;default&#8220; background_image=&#8220;https:\/\/www.bluefoxdes.de\/bbq-set\/wp-content\/uploads\/2021\/12\/Hintergrund.jpg&#8220;][et_pb_row _builder_version=&#8220;4.9.1&#8243; _module_preset=&#8220;default&#8220;][et_pb_column type=&#8220;4_4&#8243; _builder_version=&#8220;4.9.1&#8243; _module_preset=&#8220;default&#8220;][et_pb_text _builder_version=&#8220;4.9.1&#8243; _module_preset=&#8220;default&#8220; hover_enabled=&#8220;0&#8243; sticky_enabled=&#8220;0&#8243;] Grillreiniger &nbsp; LET\u2018S CLEAN IT PERFECTLY! Der Grillreiniger wurde speziell gegen Fett, Ru\u00df und hartn\u00e4ckige Ablagerungen an Grillrosten, Gusseisenpfannen oder Plancha-Grills aus verschiedenen Materialien wie Edelstahl, Gusseisen und verchromte Roste entwickelt. Der Reiniger auch ist f\u00fcr Back\u00f6fen, Edelstahl-Bleche, emaillierte Backofenbleche, T\u00f6pfe [&hellip;]<\/p>\n","protected":false},"author":1,"featured_media":293,"parent":0,"menu_order":0,"comment_status":"closed","ping_status":"closed","template":"","meta":{"_et_pb_use_builder":"on","_et_pb_old_content":"","_et_gb_content_width":"","footnotes":""},"class_list":["post-256","page","type-page","status-publish","has-post-thumbnail","hentry"],"yoast_head":"<!-- This site is optimized with the Yoast SEO plugin v24.2 - https:\/\/yoast.com\/wordpress\/plugins\/seo\/ -->\n<title>Grillreiniger gegen Fett, Ru\u00df &amp; hartn\u00e4ckige Ablagerungen!<\/title>\n<meta name=\"description\" content=\"Der Grillreiniger wurde speziell gegen Fett, Ru\u00df und hartn\u00e4ckige Ablagerungen an Grillrosten oder Plancha-Grills entwickelt.\" \/>\n<meta name=\"robots\" content=\"index, follow, max-snippet:-1, max-image-preview:large, max-video-preview:-1\" \/>\n<link rel=\"canonical\" href=\"https:\/\/www.bluefoxdes.de\/bbq-set\/grillreiniger\/\" \/>\n<meta property=\"og:locale\" content=\"de_DE\" \/>\n<meta property=\"og:type\" content=\"article\" \/>\n<meta property=\"og:title\" content=\"Grillreiniger gegen Fett, Ru\u00df &amp; hartn\u00e4ckige Ablagerungen!\" \/>\n<meta property=\"og:description\" content=\"Der Grillreiniger wurde speziell gegen Fett, Ru\u00df und hartn\u00e4ckige Ablagerungen an Grillrosten oder Plancha-Grills entwickelt.\" \/>\n<meta property=\"og:url\" content=\"https:\/\/www.bluefoxdes.de\/bbq-set\/grillreiniger\/\" \/>\n<meta property=\"og:site_name\" content=\"BBQ Grillset\" \/>\n<meta property=\"article:modified_time\" content=\"2021-12-22T14:31:19+00:00\" \/>\n<meta property=\"og:image\" content=\"https:\/\/www.bluefoxdes.de\/bbq-set\/wp-content\/uploads\/2021\/12\/BBQ-Spray.png\" \/>\n\t<meta property=\"og:image:width\" content=\"633\" \/>\n\t<meta property=\"og:image:height\" content=\"635\" \/>\n\t<meta property=\"og:image:type\" content=\"image\/png\" \/>\n<meta name=\"twitter:card\" content=\"summary_large_image\" \/>\n<meta name=\"twitter:label1\" content=\"Gesch\u00e4tzte Lesezeit\" \/>\n\t<meta name=\"twitter:data1\" content=\"1\u00a0Minute\" \/>\n<script type=\"application\/ld+json\" class=\"yoast-schema-graph\">{\"@context\":\"https:\/\/schema.org\",\"@graph\":[{\"@type\":\"WebPage\",\"@id\":\"https:\/\/www.bluefoxdes.de\/bbq-set\/grillreiniger\/\",\"url\":\"https:\/\/www.bluefoxdes.de\/bbq-set\/grillreiniger\/\",\"name\":\"Grillreiniger gegen Fett, Ru\u00df & hartn\u00e4ckige Ablagerungen!\",\"isPartOf\":{\"@id\":\"https:\/\/www.bluefoxdes.de\/bbq-set\/#website\"},\"primaryImageOfPage\":{\"@id\":\"https:\/\/www.bluefoxdes.de\/bbq-set\/grillreiniger\/#primaryimage\"},\"image\":{\"@id\":\"https:\/\/www.bluefoxdes.de\/bbq-set\/grillreiniger\/#primaryimage\"},\"thumbnailUrl\":\"https:\/\/www.bluefoxdes.de\/bbq-set\/wp-content\/uploads\/2021\/12\/BBQ-Spray.png\",\"datePublished\":\"2021-12-17T09:41:12+00:00\",\"dateModified\":\"2021-12-22T14:31:19+00:00\",\"description\":\"Der Grillreiniger wurde speziell gegen Fett, Ru\u00df und hartn\u00e4ckige Ablagerungen an Grillrosten oder Plancha-Grills entwickelt.\",\"breadcrumb\":{\"@id\":\"https:\/\/www.bluefoxdes.de\/bbq-set\/grillreiniger\/#breadcrumb\"},\"inLanguage\":\"de\",\"potentialAction\":[{\"@type\":\"ReadAction\",\"target\":[\"https:\/\/www.bluefoxdes.de\/bbq-set\/grillreiniger\/\"]}]},{\"@type\":\"ImageObject\",\"inLanguage\":\"de\",\"@id\":\"https:\/\/www.bluefoxdes.de\/bbq-set\/grillreiniger\/#primaryimage\",\"url\":\"https:\/\/www.bluefoxdes.de\/bbq-set\/wp-content\/uploads\/2021\/12\/BBQ-Spray.png\",\"contentUrl\":\"https:\/\/www.bluefoxdes.de\/bbq-set\/wp-content\/uploads\/2021\/12\/BBQ-Spray.png\",\"width\":633,\"height\":635},{\"@type\":\"BreadcrumbList\",\"@id\":\"https:\/\/www.bluefoxdes.de\/bbq-set\/grillreiniger\/#breadcrumb\",\"itemListElement\":[{\"@type\":\"ListItem\",\"position\":1,\"name\":\"Startseite\",\"item\":\"https:\/\/www.bluefoxdes.de\/bbq-set\/\"},{\"@type\":\"ListItem\",\"position\":2,\"name\":\"Grillreiniger\"}]},{\"@type\":\"WebSite\",\"@id\":\"https:\/\/www.bluefoxdes.de\/bbq-set\/#website\",\"url\":\"https:\/\/www.bluefoxdes.de\/bbq-set\/\",\"name\":\"BBQ Grillset\",\"description\":\"\",\"potentialAction\":[{\"@type\":\"SearchAction\",\"target\":{\"@type\":\"EntryPoint\",\"urlTemplate\":\"https:\/\/www.bluefoxdes.de\/bbq-set\/?s={search_term_string}\"},\"query-input\":{\"@type\":\"PropertyValueSpecification\",\"valueRequired\":true,\"valueName\":\"search_term_string\"}}],\"inLanguage\":\"de\"}]}<\/script>\n<!-- \/ Yoast SEO plugin. -->","yoast_head_json":{"title":"Grillreiniger gegen Fett, Ru\u00df & hartn\u00e4ckige Ablagerungen!","description":"Der Grillreiniger wurde speziell gegen Fett, Ru\u00df und hartn\u00e4ckige Ablagerungen an Grillrosten oder Plancha-Grills entwickelt.","robots":{"index":"index","follow":"follow","max-snippet":"max-snippet:-1","max-image-preview":"max-image-preview:large","max-video-preview":"max-video-preview:-1"},"canonical":"https:\/\/www.bluefoxdes.de\/bbq-set\/grillreiniger\/","og_locale":"de_DE","og_type":"article","og_title":"Grillreiniger gegen Fett, Ru\u00df & hartn\u00e4ckige Ablagerungen!","og_description":"Der Grillreiniger wurde speziell gegen Fett, Ru\u00df und hartn\u00e4ckige Ablagerungen an Grillrosten oder Plancha-Grills entwickelt.","og_url":"https:\/\/www.bluefoxdes.de\/bbq-set\/grillreiniger\/","og_site_name":"BBQ Grillset","article_modified_time":"2021-12-22T14:31:19+00:00","og_image":[{"width":633,"height":635,"url":"https:\/\/www.bluefoxdes.de\/bbq-set\/wp-content\/uploads\/2021\/12\/BBQ-Spray.png","type":"image\/png"}],"twitter_card":"summary_large_image","twitter_misc":{"Gesch\u00e4tzte Lesezeit":"1\u00a0Minute"},"schema":{"@context":"https:\/\/schema.org","@graph":[{"@type":"WebPage","@id":"https:\/\/www.bluefoxdes.de\/bbq-set\/grillreiniger\/","url":"https:\/\/www.bluefoxdes.de\/bbq-set\/grillreiniger\/","name":"Grillreiniger gegen Fett, Ru\u00df & hartn\u00e4ckige Ablagerungen!","isPartOf":{"@id":"https:\/\/www.bluefoxdes.de\/bbq-set\/#website"},"primaryImageOfPage":{"@id":"https:\/\/www.bluefoxdes.de\/bbq-set\/grillreiniger\/#primaryimage"},"image":{"@id":"https:\/\/www.bluefoxdes.de\/bbq-set\/grillreiniger\/#primaryimage"},"thumbnailUrl":"https:\/\/www.bluefoxdes.de\/bbq-set\/wp-content\/uploads\/2021\/12\/BBQ-Spray.png","datePublished":"2021-12-17T09:41:12+00:00","dateModified":"2021-12-22T14:31:19+00:00","description":"Der Grillreiniger wurde speziell gegen Fett, Ru\u00df und hartn\u00e4ckige Ablagerungen an Grillrosten oder Plancha-Grills entwickelt.","breadcrumb":{"@id":"https:\/\/www.bluefoxdes.de\/bbq-set\/grillreiniger\/#breadcrumb"},"inLanguage":"de","potentialAction":[{"@type":"ReadAction","target":["https:\/\/www.bluefoxdes.de\/bbq-set\/grillreiniger\/"]}]},{"@type":"ImageObject","inLanguage":"de","@id":"https:\/\/www.bluefoxdes.de\/bbq-set\/grillreiniger\/#primaryimage","url":"https:\/\/www.bluefoxdes.de\/bbq-set\/wp-content\/uploads\/2021\/12\/BBQ-Spray.png","contentUrl":"https:\/\/www.bluefoxdes.de\/bbq-set\/wp-content\/uploads\/2021\/12\/BBQ-Spray.png","width":633,"height":635},{"@type":"BreadcrumbList","@id":"https:\/\/www.bluefoxdes.de\/bbq-set\/grillreiniger\/#breadcrumb","itemListElement":[{"@type":"ListItem","position":1,"name":"Startseite","item":"https:\/\/www.bluefoxdes.de\/bbq-set\/"},{"@type":"ListItem","position":2,"name":"Grillreiniger"}]},{"@type":"WebSite","@id":"https:\/\/www.bluefoxdes.de\/bbq-set\/#website","url":"https:\/\/www.bluefoxdes.de\/bbq-set\/","name":"BBQ Grillset","description":"","potentialAction":[{"@type":"SearchAction","target":{"@type":"EntryPoint","urlTemplate":"https:\/\/www.bluefoxdes.de\/bbq-set\/?s={search_term_string}"},"query-input":{"@type":"PropertyValueSpecification","valueRequired":true,"valueName":"search_term_string"}}],"inLanguage":"de"}]}},"_links":{"self":[{"href":"https:\/\/www.bluefoxdes.de\/bbq-set\/wp-json\/wp\/v2\/pages\/256","targetHints":{"allow":["GET"]}}],"collection":[{"href":"https:\/\/www.bluefoxdes.de\/bbq-set\/wp-json\/wp\/v2\/pages"}],"about":[{"href":"https:\/\/www.bluefoxdes.de\/bbq-set\/wp-json\/wp\/v2\/types\/page"}],"author":[{"embeddable":true,"href":"https:\/\/www.bluefoxdes.de\/bbq-set\/wp-json\/wp\/v2\/users\/1"}],"replies":[{"embeddable":true,"href":"https:\/\/www.bluefoxdes.de\/bbq-set\/wp-json\/wp\/v2\/comments?post=256"}],"version-history":[{"count":13,"href":"https:\/\/www.bluefoxdes.de\/bbq-set\/wp-json\/wp\/v2\/pages\/256\/revisions"}],"predecessor-version":[{"id":305,"href":"https:\/\/www.bluefoxdes.de\/bbq-set\/wp-json\/wp\/v2\/pages\/256\/revisions\/305"}],"wp:featuredmedia":[{"embeddable":true,"href":"https:\/\/www.bluefoxdes.de\/bbq-set\/wp-json\/wp\/v2\/media\/293"}],"wp:attachment":[{"href":"https:\/\/www.bluefoxdes.de\/bbq-set\/wp-json\/wp\/v2\/media?parent=256"}],"curies":[{"name":"wp","href":"https:\/\/api.w.org\/{rel}","templated":true}]}}